{"id":4223,"date":"2023-06-15T10:04:00","date_gmt":"2023-06-15T10:04:00","guid":{"rendered":"http:\/\/dor-project.cat\/responsabilitat-social\/"},"modified":"2023-11-13T13:09:07","modified_gmt":"2023-11-13T13:09:07","slug":"responsabilitat-social","status":"publish","type":"page","link":"https:\/\/dor-project.cat\/ca\/responsabilitat-social\/","title":{"rendered":"RESPONSABILITAT SOCIAL"},"content":{"rendered":"\t\t<div data-elementor-type=\"wp-page\" data-elementor-id=\"4223\" class=\"elementor elementor-4223 elementor-4062\">\n\t\t\t\t\t\t\t\t\t<section class=\"elementor-section elementor-top-section elementor-element elementor-element-83ad66c elementor-section-height-min-height elementor-section-boxed elementor-section-height-default elementor-section-items-middle\" data-id=\"83ad66c\" data-element_type=\"section\" data-settings=\"{&quot;background_background&quot;:&quot;classic&quot;}\">\n\t\t\t\t\t\t<div class=\"elementor-container elementor-column-gap-default\">\n\t\t\t\t\t<div class=\"elementor-column elementor-col-100 elementor-top-column elementor-element elementor-element-197b4f9\" data-id=\"197b4f9\" data-element_type=\"column\">\n\t\t\t<div class=\"elementor-widget-wrap elementor-element-populated\">\n\t\t\t\t\t\t\t\t<div class=\"elementor-element elementor-element-6f3c61e elementor-widget elementor-widget-heading\" data-id=\"6f3c61e\" data-element_type=\"widget\" data-widget_type=\"heading.default\">\n\t\t\t\t<div class=\"elementor-widget-container\">\n\t\t\t<style>\/*! elementor - v3.17.0 - 25-10-2023 *\/\n.elementor-heading-title{padding:0;margin:0;line-height:1}.elementor-widget-heading .elementor-heading-title[class*=elementor-size-]>a{color:inherit;font-size:inherit;line-height:inherit}.elementor-widget-heading .elementor-heading-title.elementor-size-small{font-size:15px}.elementor-widget-heading .elementor-heading-title.elementor-size-medium{font-size:19px}.elementor-widget-heading .elementor-heading-title.elementor-size-large{font-size:29px}.elementor-widget-heading .elementor-heading-title.elementor-size-xl{font-size:39px}.elementor-widget-heading .elementor-heading-title.elementor-size-xxl{font-size:59px}<\/style><h1 class=\"elementor-heading-title elementor-size-default\">RESPONSABILITAT SOCIAL<\/h1>\t\t<\/div>\n\t\t\t\t<\/div>\n\t\t\t\t\t<\/div>\n\t\t<\/div>\n\t\t\t\t\t\t\t<\/div>\n\t\t<\/section>\n\t\t\t\t<section class=\"elementor-section elementor-top-section elementor-element elementor-element-22f8b2b elementor-section-boxed elementor-section-height-default elementor-section-height-default\" data-id=\"22f8b2b\" data-element_type=\"section\">\n\t\t\t\t\t\t<div class=\"elementor-container elementor-column-gap-default\">\n\t\t\t\t\t<div class=\"elementor-column elementor-col-100 elementor-top-column elementor-element elementor-element-a548eae\" data-id=\"a548eae\" data-element_type=\"column\">\n\t\t\t<div class=\"elementor-widget-wrap elementor-element-populated\">\n\t\t\t\t\t\t\t\t<div class=\"elementor-element elementor-element-621491c elementor-widget elementor-widget-heading\" data-id=\"621491c\" data-element_type=\"widget\" data-widget_type=\"heading.default\">\n\t\t\t\t<div class=\"elementor-widget-container\">\n\t\t\t<h2 class=\"elementor-heading-title elementor-size-default\">LES NOSTRES INQUIETUDS SOCIALS VAN M\u00c9S ENLL\u00c0 DE LA NOSTRA FEINA.<\/h2>\t\t<\/div>\n\t\t\t\t<\/div>\n\t\t\t\t<div class=\"elementor-element elementor-element-1c6d7bb elementor-widget elementor-widget-text-editor\" data-id=\"1c6d7bb\" data-element_type=\"widget\" data-widget_type=\"text-editor.default\">\n\t\t\t\t<div class=\"elementor-widget-container\">\n\t\t\t<style>\/*! elementor - v3.17.0 - 25-10-2023 *\/\n.elementor-widget-text-editor.elementor-drop-cap-view-stacked .elementor-drop-cap{background-color:#69727d;color:#fff}.elementor-widget-text-editor.elementor-drop-cap-view-framed .elementor-drop-cap{color:#69727d;border:3px solid;background-color:transparent}.elementor-widget-text-editor:not(.elementor-drop-cap-view-default) .elementor-drop-cap{margin-top:8px}.elementor-widget-text-editor:not(.elementor-drop-cap-view-default) .elementor-drop-cap-letter{width:1em;height:1em}.elementor-widget-text-editor .elementor-drop-cap{float:left;text-align:center;line-height:1;font-size:50px}.elementor-widget-text-editor .elementor-drop-cap-letter{display:inline-block}<\/style>\t\t\t\t<p>Des de la nostra Direcci\u00f3 s&#8217; estableixen pol\u00edtiques socials, encaminades al desenvolupament hum\u00e0 i m\u00e9s concretament al desenvolupament i inquietuds dels Alumnes. Per tot aix\u00f2 estem potenciant des de l&#8217;associaci\u00f3 sense \u00e0nim de lucre 4fourSTEM el projecte educatiu F1 in Schools enfocat a arribar a totes escoles d&#8217;Espanya l&#8217;educaci\u00f3 STEM, on aportem la innovaci\u00f3 tecnol\u00f2gica en disseny 3d amb Autodesk 360, impressores 3d mecanitzats CNC, simuladors de vent i molt m\u00e9s, perqu\u00e8 els alumnes aconsegueixin competir entre ells i amb altres escoles.<\/p>\n\t\t\t\t\t\t<\/div>\n\t\t\t\t<\/div>\n\t\t\t\t<div class=\"elementor-element elementor-element-00187fc elementor-widget elementor-widget-text-editor\" data-id=\"00187fc\" data-element_type=\"widget\" data-widget_type=\"text-editor.default\">\n\t\t\t\t<div class=\"elementor-widget-container\">\n\t\t\t\t\t\t\t<h5>Treballem amb diferents escoles i instituts d&#8217;educaci\u00f3 general.<\/h5>\n\t\t\t\t\t\t<\/div>\n\t\t\t\t<\/div>\n\t\t\t\t\t<\/div>\n\t\t<\/div>\n\t\t\t\t\t\t\t<\/div>\n\t\t<\/section>\n\t\t\t\t<section class=\"elementor-section elementor-top-section elementor-element elementor-element-86a7805 elementor-section-boxed elementor-section-height-default elementor-section-height-default\" data-id=\"86a7805\" data-element_type=\"section\">\n\t\t\t\t\t\t<div class=\"elementor-container elementor-column-gap-default\">\n\t\t\t\t\t<div class=\"elementor-column elementor-col-33 elementor-top-column elementor-element elementor-element-9865486\" data-id=\"9865486\" data-element_type=\"column\">\n\t\t\t<div class=\"elementor-widget-wrap elementor-element-populated\">\n\t\t\t\t\t\t\t\t<div class=\"elementor-element elementor-element-97cd7ea elementor-widget elementor-widget-image\" data-id=\"97cd7ea\" data-element_type=\"widget\" data-widget_type=\"image.default\">\n\t\t\t\t<div class=\"elementor-widget-container\">\n\t\t\t<style>\/*! elementor - v3.17.0 - 25-10-2023 *\/\n.elementor-widget-image{text-align:center}.elementor-widget-image a{display:inline-block}.elementor-widget-image a img[src$=\".svg\"]{width:48px}.elementor-widget-image img{vertical-align:middle;display:inline-block}<\/style>\t\t\t\t\t\t\t\t\t\t\t\t<img decoding=\"async\" width=\"216\" height=\"216\" src=\"https:\/\/dor-project.cat\/app\/uploads\/2023\/06\/4.jpg\" class=\"attachment-large size-large wp-image-4096\" alt=\"\" srcset=\"https:\/\/dor-project.cat\/app\/uploads\/2023\/06\/4.jpg 216w, https:\/\/dor-project.cat\/app\/uploads\/2023\/06\/4-150x150.jpg 150w\" sizes=\"(max-width: 216px) 100vw, 216px\" \/>\t\t\t\t\t\t\t\t\t\t\t\t\t\t\t<\/div>\n\t\t\t\t<\/div>\n\t\t\t\t\t<\/div>\n\t\t<\/div>\n\t\t\t\t<div class=\"elementor-column elementor-col-33 elementor-top-column elementor-element elementor-element-704abb1\" data-id=\"704abb1\" data-element_type=\"column\">\n\t\t\t<div class=\"elementor-widget-wrap elementor-element-populated\">\n\t\t\t\t\t\t\t\t<div class=\"elementor-element elementor-element-dc09b21 elementor-widget elementor-widget-image\" data-id=\"dc09b21\" data-element_type=\"widget\" data-widget_type=\"image.default\">\n\t\t\t\t<div class=\"elementor-widget-container\">\n\t\t\t\t\t\t\t\t\t\t\t\t\t\t\t<img decoding=\"async\" width=\"216\" height=\"216\" src=\"https:\/\/dor-project.cat\/app\/uploads\/2023\/06\/Stacked-Spain-Black-01-R.jpg\" class=\"attachment-large size-large wp-image-4097\" alt=\"\" srcset=\"https:\/\/dor-project.cat\/app\/uploads\/2023\/06\/Stacked-Spain-Black-01-R.jpg 216w, https:\/\/dor-project.cat\/app\/uploads\/2023\/06\/Stacked-Spain-Black-01-R-150x150.jpg 150w\" sizes=\"(max-width: 216px) 100vw, 216px\" \/>\t\t\t\t\t\t\t\t\t\t\t\t\t\t\t<\/div>\n\t\t\t\t<\/div>\n\t\t\t\t\t<\/div>\n\t\t<\/div>\n\t\t\t\t<div class=\"elementor-column elementor-col-33 elementor-top-column elementor-element elementor-element-43ab154\" data-id=\"43ab154\" data-element_type=\"column\">\n\t\t\t<div class=\"elementor-widget-wrap\">\n\t\t\t\t\t\t\t\t\t<\/div>\n\t\t<\/div>\n\t\t\t\t\t\t\t<\/div>\n\t\t<\/section>\n\t\t\t\t<section class=\"elementor-section elementor-top-section elementor-element elementor-element-b8de678 elementor-section-boxed elementor-section-height-default elementor-section-height-default\" data-id=\"b8de678\" data-element_type=\"section\">\n\t\t\t\t\t\t<div class=\"elementor-container elementor-column-gap-default\">\n\t\t\t\t\t<div class=\"elementor-column elementor-col-50 elementor-top-column elementor-element elementor-element-9220db0\" data-id=\"9220db0\" data-element_type=\"column\">\n\t\t\t<div class=\"elementor-widget-wrap elementor-element-populated\">\n\t\t\t\t\t\t\t\t<div class=\"elementor-element elementor-element-bf33927 elementor-widget elementor-widget-image\" data-id=\"bf33927\" data-element_type=\"widget\" data-widget_type=\"image.default\">\n\t\t\t\t<div class=\"elementor-widget-container\">\n\t\t\t\t\t\t\t\t\t\t\t\t\t\t\t<img fetchpriority=\"high\" decoding=\"async\" width=\"564\" height=\"278\" src=\"https:\/\/dor-project.cat\/app\/uploads\/2023\/06\/v1-pirelli_orig.jpg\" class=\"attachment-large size-large wp-image-4125\" alt=\"responsabilidad-social-4stem\" srcset=\"https:\/\/dor-project.cat\/app\/uploads\/2023\/06\/v1-pirelli_orig.jpg 564w, https:\/\/dor-project.cat\/app\/uploads\/2023\/06\/v1-pirelli_orig-300x148.jpg 300w\" sizes=\"(max-width: 564px) 100vw, 564px\" \/>\t\t\t\t\t\t\t\t\t\t\t\t\t\t\t<\/div>\n\t\t\t\t<\/div>\n\t\t\t\t\t<\/div>\n\t\t<\/div>\n\t\t\t\t<div class=\"elementor-column elementor-col-50 elementor-top-column elementor-element elementor-element-dd95f40\" data-id=\"dd95f40\" data-element_type=\"column\">\n\t\t\t<div class=\"elementor-widget-wrap elementor-element-populated\">\n\t\t\t\t\t\t\t\t<div class=\"elementor-element elementor-element-ab13181 elementor-widget elementor-widget-image\" data-id=\"ab13181\" data-element_type=\"widget\" data-widget_type=\"image.default\">\n\t\t\t\t<div class=\"elementor-widget-container\">\n\t\t\t\t\t\t\t\t\t\t\t\t\t\t\t<img loading=\"lazy\" decoding=\"async\" width=\"564\" height=\"278\" src=\"https:\/\/dor-project.cat\/app\/uploads\/2023\/06\/IMG-20230525-WA0027.jpg\" class=\"attachment-large size-large wp-image-4126\" alt=\"responsabilidad-social-in school\" srcset=\"https:\/\/dor-project.cat\/app\/uploads\/2023\/06\/IMG-20230525-WA0027.jpg 564w, https:\/\/dor-project.cat\/app\/uploads\/2023\/06\/IMG-20230525-WA0027-300x148.jpg 300w\" sizes=\"(max-width: 564px) 100vw, 564px\" \/>\t\t\t\t\t\t\t\t\t\t\t\t\t\t\t<\/div>\n\t\t\t\t<\/div>\n\t\t\t\t\t<\/div>\n\t\t<\/div>\n\t\t\t\t\t\t\t<\/div>\n\t\t<\/section>\n\t\t\t\t\t\t\t<\/div>\n\t\t","protected":false},"excerpt":{"rendered":"<p>RESPONSABILITAT SOCIAL LES NOSTRES INQUIETUDS SOCIALS VAN M\u00c9S ENLL\u00c0 DE LA NOSTRA FEINA. Des de la nostra Direcci\u00f3 s&#8217; estableixen pol\u00edtiques socials, encaminades al desenvolupament hum\u00e0 i m\u00e9s concretament al&#8230;<\/p>\n","protected":false},"author":1,"featured_media":0,"parent":0,"menu_order":0,"comment_status":"closed","ping_status":"closed","template":"","meta":{"inline_featured_image":false,"footnotes":""},"class_list":["post-4223","page","type-page","status-publish","hentry"],"yoast_head":"<!-- This site is optimized with the Yoast SEO plugin v21.5 - https:\/\/yoast.com\/wordpress\/plugins\/seo\/ -->\n<title>RESPONSABILITAT SOCIAL - Dor project<\/title>\n<meta name=\"robots\" content=\"index, follow, max-snippet:-1, max-image-preview:large, max-video-preview:-1\" \/>\n<link rel=\"canonical\" href=\"https:\/\/dor-project.cat\/ca\/responsabilitat-social\/\" \/>\n<meta property=\"og:locale\" content=\"ca_ES\" \/>\n<meta property=\"og:type\" content=\"article\" \/>\n<meta property=\"og:title\" content=\"RESPONSABILITAT SOCIAL - Dor project\" \/>\n<meta property=\"og:description\" content=\"RESPONSABILITAT SOCIAL LES NOSTRES INQUIETUDS SOCIALS VAN M\u00c9S ENLL\u00c0 DE LA NOSTRA FEINA. Des de la nostra Direcci\u00f3 s&#8217; estableixen pol\u00edtiques socials, encaminades al desenvolupament hum\u00e0 i m\u00e9s concretament al...\" \/>\n<meta property=\"og:url\" content=\"https:\/\/dor-project.cat\/ca\/responsabilitat-social\/\" \/>\n<meta property=\"og:site_name\" content=\"Dor project\" \/>\n<meta property=\"article:modified_time\" content=\"2023-11-13T13:09:07+00:00\" \/>\n<meta property=\"og:image\" content=\"http:\/\/dor-project.cat\/app\/uploads\/2023\/06\/4.jpg\" \/>\n<meta name=\"twitter:card\" content=\"summary_large_image\" \/>\n<meta name=\"twitter:label1\" content=\"Temps estimat de lectura\" \/>\n\t<meta name=\"twitter:data1\" content=\"2 minuts\" \/>\n<script type=\"application\/ld+json\" class=\"yoast-schema-graph\">{\"@context\":\"https:\/\/schema.org\",\"@graph\":[{\"@type\":\"WebPage\",\"@id\":\"https:\/\/dor-project.cat\/ca\/responsabilitat-social\/\",\"url\":\"https:\/\/dor-project.cat\/ca\/responsabilitat-social\/\",\"name\":\"RESPONSABILITAT SOCIAL - Dor project\",\"isPartOf\":{\"@id\":\"https:\/\/dor-project.cat\/ca\/#website\"},\"datePublished\":\"2023-06-15T10:04:00+00:00\",\"dateModified\":\"2023-11-13T13:09:07+00:00\",\"inLanguage\":\"ca\",\"potentialAction\":[{\"@type\":\"ReadAction\",\"target\":[\"https:\/\/dor-project.cat\/ca\/responsabilitat-social\/\"]}]},{\"@type\":\"WebSite\",\"@id\":\"https:\/\/dor-project.cat\/ca\/#website\",\"url\":\"https:\/\/dor-project.cat\/ca\/\",\"name\":\"Dor project\",\"description\":\"\",\"potentialAction\":[{\"@type\":\"SearchAction\",\"target\":{\"@type\":\"EntryPoint\",\"urlTemplate\":\"https:\/\/dor-project.cat\/ca\/?s={search_term_string}\"},\"query-input\":\"required name=search_term_string\"}],\"inLanguage\":\"ca\"}]}<\/script>\n<!-- \/ Yoast SEO plugin. -->","yoast_head_json":{"title":"RESPONSABILITAT SOCIAL - Dor project","robots":{"index":"index","follow":"follow","max-snippet":"max-snippet:-1","max-image-preview":"max-image-preview:large","max-video-preview":"max-video-preview:-1"},"canonical":"https:\/\/dor-project.cat\/ca\/responsabilitat-social\/","og_locale":"ca_ES","og_type":"article","og_title":"RESPONSABILITAT SOCIAL - Dor project","og_description":"RESPONSABILITAT SOCIAL LES NOSTRES INQUIETUDS SOCIALS VAN M\u00c9S ENLL\u00c0 DE LA NOSTRA FEINA. Des de la nostra Direcci\u00f3 s&#8217; estableixen pol\u00edtiques socials, encaminades al desenvolupament hum\u00e0 i m\u00e9s concretament al...","og_url":"https:\/\/dor-project.cat\/ca\/responsabilitat-social\/","og_site_name":"Dor project","article_modified_time":"2023-11-13T13:09:07+00:00","og_image":[{"url":"http:\/\/dor-project.cat\/app\/uploads\/2023\/06\/4.jpg"}],"twitter_card":"summary_large_image","twitter_misc":{"Temps estimat de lectura":"2 minuts"},"schema":{"@context":"https:\/\/schema.org","@graph":[{"@type":"WebPage","@id":"https:\/\/dor-project.cat\/ca\/responsabilitat-social\/","url":"https:\/\/dor-project.cat\/ca\/responsabilitat-social\/","name":"RESPONSABILITAT SOCIAL - Dor project","isPartOf":{"@id":"https:\/\/dor-project.cat\/ca\/#website"},"datePublished":"2023-06-15T10:04:00+00:00","dateModified":"2023-11-13T13:09:07+00:00","inLanguage":"ca","potentialAction":[{"@type":"ReadAction","target":["https:\/\/dor-project.cat\/ca\/responsabilitat-social\/"]}]},{"@type":"WebSite","@id":"https:\/\/dor-project.cat\/ca\/#website","url":"https:\/\/dor-project.cat\/ca\/","name":"Dor project","description":"","potentialAction":[{"@type":"SearchAction","target":{"@type":"EntryPoint","urlTemplate":"https:\/\/dor-project.cat\/ca\/?s={search_term_string}"},"query-input":"required name=search_term_string"}],"inLanguage":"ca"}]}},"_links":{"self":[{"href":"https:\/\/dor-project.cat\/ca\/wp-json\/wp\/v2\/pages\/4223","targetHints":{"allow":["GET"]}}],"collection":[{"href":"https:\/\/dor-project.cat\/ca\/wp-json\/wp\/v2\/pages"}],"about":[{"href":"https:\/\/dor-project.cat\/ca\/wp-json\/wp\/v2\/types\/page"}],"author":[{"embeddable":true,"href":"https:\/\/dor-project.cat\/ca\/wp-json\/wp\/v2\/users\/1"}],"replies":[{"embeddable":true,"href":"https:\/\/dor-project.cat\/ca\/wp-json\/wp\/v2\/comments?post=4223"}],"version-history":[{"count":4,"href":"https:\/\/dor-project.cat\/ca\/wp-json\/wp\/v2\/pages\/4223\/revisions"}],"predecessor-version":[{"id":4594,"href":"https:\/\/dor-project.cat\/ca\/wp-json\/wp\/v2\/pages\/4223\/revisions\/4594"}],"wp:attachment":[{"href":"https:\/\/dor-project.cat\/ca\/wp-json\/wp\/v2\/media?parent=4223"}],"curies":[{"name":"wp","href":"https:\/\/api.w.org\/{rel}","templated":true}]}}